{"id":74,"date":"2023-09-30T15:16:20","date_gmt":"2023-09-30T13:16:20","guid":{"rendered":"https:\/\/terapia-systemowo.com\/?page_id=74"},"modified":"2024-04-16T10:54:26","modified_gmt":"2024-04-16T08:54:26","slug":"o-mnie","status":"publish","type":"page","link":"https:\/\/terapia-systemowo.com\/index.php\/o-mnie\/","title":{"rendered":"O mnie"},"content":{"rendered":"\n<figure class=\"wp-block-image size-full\"><img loading=\"lazy\" decoding=\"async\" width=\"762\" height=\"762\" src=\"https:\/\/terapia-systemowo.com\/wp-content\/uploads\/2023\/11\/IMG-20211025-WA0007.png\" alt=\"\" class=\"wp-image-221\" srcset=\"https:\/\/terapia-systemowo.com\/wp-content\/uploads\/2023\/11\/IMG-20211025-WA0007.png 762w, https:\/\/terapia-systemowo.com\/wp-content\/uploads\/2023\/11\/IMG-20211025-WA0007-300x300.png 300w, https:\/\/terapia-systemowo.com\/wp-content\/uploads\/2023\/11\/IMG-20211025-WA0007-150x150.png 150w, https:\/\/terapia-systemowo.com\/wp-content\/uploads\/2023\/11\/IMG-20211025-WA0007-450x450.png 450w, https:\/\/terapia-systemowo.com\/wp-content\/uploads\/2023\/11\/IMG-20211025-WA0007-600x600.png 600w, https:\/\/terapia-systemowo.com\/wp-content\/uploads\/2023\/11\/IMG-20211025-WA0007-100x100.png 100w\" sizes=\"(max-width: 762px) 100vw, 762px\" \/><\/figure>\n\n\n\n<p>Witaj.<\/p>\n\n\n\n<p>Nazywam si\u0119 Bo\u017cena Pacewicz.<\/p>\n\n\n\n<p>      Terapi\u0105 zajmuj\u0119 si\u0119 od 2000 roku. Jestem terapeut\u0105, hipnoterapeut\u0105, specjalist\u0105 w obszerze psychosomatyki i somatopsychologii. Jestem autork\u0105 ksi\u0105\u017cek: &#8220;Zaplanuj \u017cycie na nowo&#8221;, &#8220;Hipnoza pomaga schudn\u0105\u0107&#8221;, oraz &#8220;Hipnoza, regresja, progresja, czyli podr\u00f3\u017ce w czasie&#8221;. <\/p>\n\n\n\n<p>     Prowadz\u0119 tak\u017ce sesje terapeutyczne korzystaj\u0105c z hipnozy,  narz\u0119dzi terapii systemowej (ustawienia systemowe), metod uzdrawiania somatycznego (terapia somatyczna), a tak\u017ce techniki zwanej Kodem Emocji.<\/p>\n\n\n\n<p>Prowadz\u0119 sesje stacjonarnie w Poznaniu lub on-line dla klient\u00f3w z ca\u0142ego kraju i zagranicy.<\/p>\n\n\n\n<p><\/p>\n\n\n\n<figure class=\"wp-block-image size-large is-resized\"><img loading=\"lazy\" decoding=\"async\" width=\"766\" height=\"1024\" src=\"https:\/\/terapia-systemowo.com\/wp-content\/uploads\/2023\/10\/dyplom1-1-766x1024.jpg\" alt=\"\" class=\"wp-image-172\" style=\"aspect-ratio:0.6591796875;width:420px;height:auto\" srcset=\"https:\/\/terapia-systemowo.com\/wp-content\/uploads\/2023\/10\/dyplom1-1-766x1024.jpg 766w, https:\/\/terapia-systemowo.com\/wp-content\/uploads\/2023\/10\/dyplom1-1-224x300.jpg 224w, https:\/\/terapia-systemowo.com\/wp-content\/uploads\/2023\/10\/dyplom1-1-768x1027.jpg 768w, https:\/\/terapia-systemowo.com\/wp-content\/uploads\/2023\/10\/dyplom1-1-600x802.jpg 600w, https:\/\/terapia-systemowo.com\/wp-content\/uploads\/2023\/10\/dyplom1-1.jpg 1054w\" sizes=\"(max-width: 766px) 100vw, 766px\" \/><\/figure>\n\n\n\n<figure class=\"wp-block-image size-large is-resized\"><img loading=\"lazy\" decoding=\"async\" width=\"734\" height=\"1024\" src=\"https:\/\/terapia-systemowo.com\/wp-content\/uploads\/2023\/10\/dyplom2-1-734x1024.jpg\" alt=\"\" class=\"wp-image-173\" style=\"aspect-ratio:0.681640625;width:418px;height:auto\" srcset=\"https:\/\/terapia-systemowo.com\/wp-content\/uploads\/2023\/10\/dyplom2-1-734x1024.jpg 734w, https:\/\/terapia-systemowo.com\/wp-content\/uploads\/2023\/10\/dyplom2-1-215x300.jpg 215w, https:\/\/terapia-systemowo.com\/wp-content\/uploads\/2023\/10\/dyplom2-1-768x1072.jpg 768w, https:\/\/terapia-systemowo.com\/wp-content\/uploads\/2023\/10\/dyplom2-1-600x837.jpg 600w, https:\/\/terapia-systemowo.com\/wp-content\/uploads\/2023\/10\/dyplom2-1.jpg 1090w\" sizes=\"(max-width: 734px) 100vw, 734px\" \/><\/figure>\n\n\n\n<figure class=\"wp-block-image size-large is-resized\"><img loading=\"lazy\" decoding=\"async\" width=\"716\" height=\"1024\" src=\"https:\/\/terapia-systemowo.com\/wp-content\/uploads\/2023\/10\/dyplom3-1-716x1024.jpg\" alt=\"\" class=\"wp-image-174\" style=\"aspect-ratio:0.69921875;width:417px;height:auto\" srcset=\"https:\/\/terapia-systemowo.com\/wp-content\/uploads\/2023\/10\/dyplom3-1-716x1024.jpg 716w, https:\/\/terapia-systemowo.com\/wp-content\/uploads\/2023\/10\/dyplom3-1-210x300.jpg 210w, https:\/\/terapia-systemowo.com\/wp-content\/uploads\/2023\/10\/dyplom3-1-768x1099.jpg 768w, https:\/\/terapia-systemowo.com\/wp-content\/uploads\/2023\/10\/dyplom3-1-1073x1536.jpg 1073w, https:\/\/terapia-systemowo.com\/wp-content\/uploads\/2023\/10\/dyplom3-1-600x859.jpg 600w, https:\/\/terapia-systemowo.com\/wp-content\/uploads\/2023\/10\/dyplom3-1.jpg 1118w\" sizes=\"(max-width: 716px) 100vw, 716px\" \/><\/figure>\n\n\n\n<p><\/p>\n","protected":false},"excerpt":{"rendered":"<p>Witaj. Nazywam si\u0119 Bo\u017cena Pacewicz. Terapi\u0105 zajmuj\u0119 si\u0119 od 2000 roku. Jestem terapeut\u0105, hipnoterapeut\u0105, specjalist\u0105 w obszerze psychosomatyki i somatopsychologii. Jestem autork\u0105 ksi\u0105\u017cek: &#8220;Zaplanuj \u017cycie na nowo&#8221;, &#8220;Hipnoza pomaga schudn\u0105\u0107&#8221;, oraz &#8220;Hipnoza, regresja, progresja, czyli podr\u00f3\u017ce w czasie&#8221;. Prowadz\u0119 tak\u017ce sesje terapeutyczne korzystaj\u0105c z hipnozy, narz\u0119dzi terapii systemowej (ustawienia systemowe), metod uzdrawiania somatycznego (terapia somatyczna),&hellip; <a class=\"more-link\" href=\"https:\/\/terapia-systemowo.com\/index.php\/o-mnie\/\">Czytaj dalej <span class=\"screen-reader-text\">O mnie<\/span><\/a><\/p>\n","protected":false},"author":1,"featured_media":0,"parent":0,"menu_order":0,"comment_status":"closed","ping_status":"closed","template":"","meta":{"footnotes":""},"jetpack_sharing_enabled":true,"_links":{"self":[{"href":"https:\/\/terapia-systemowo.com\/index.php\/wp-json\/wp\/v2\/pages\/74"}],"collection":[{"href":"https:\/\/terapia-systemowo.com\/index.php\/wp-json\/wp\/v2\/pages"}],"about":[{"href":"https:\/\/terapia-systemowo.com\/index.php\/wp-json\/wp\/v2\/types\/page"}],"author":[{"embeddable":true,"href":"https:\/\/terapia-systemowo.com\/index.php\/wp-json\/wp\/v2\/users\/1"}],"replies":[{"embeddable":true,"href":"https:\/\/terapia-systemowo.com\/index.php\/wp-json\/wp\/v2\/comments?post=74"}],"version-history":[{"count":12,"href":"https:\/\/terapia-systemowo.com\/index.php\/wp-json\/wp\/v2\/pages\/74\/revisions"}],"predecessor-version":[{"id":274,"href":"https:\/\/terapia-systemowo.com\/index.php\/wp-json\/wp\/v2\/pages\/74\/revisions\/274"}],"wp:attachment":[{"href":"https:\/\/terapia-systemowo.com\/index.php\/wp-json\/wp\/v2\/media?parent=74"}],"curies":[{"name":"wp","href":"https:\/\/api.w.org\/{rel}","templated":true}]}}