{"id":61,"date":"2023-09-30T14:59:28","date_gmt":"2023-09-30T12:59:28","guid":{"rendered":"https:\/\/terapia-systemowo.com\/?page_id=61"},"modified":"2024-10-31T12:28:04","modified_gmt":"2024-10-31T11:28:04","slug":"umow-sie-na-sesje","status":"publish","type":"page","link":"https:\/\/terapia-systemowo.com\/index.php\/umow-sie-na-sesje\/","title":{"rendered":"Kontakt"},"content":{"rendered":"\n<p>Sesje odbywaj\u0105 si\u0119 stacjonarnie pod adresem: ul. Gniewka 9. Pozna\u0144<\/p>\n\n\n\n<p>lub online.<\/p>\n\n\n\n<p><\/p>\n\n\n\n<p>W celu uzyskania innych informacji lub rezerwacji terminu prosz\u0119 dzwoni\u0107 lub pisa\u0107.<\/p>\n\n\n\n<p>tel: <strong>603 805 603.<\/strong><\/p>\n\n\n\n<p>Mo\u017cna te\u017c si\u0119 kontaktowa\u0107 przez sms lub whatsapp.<\/p>\n\n\n\n<p>Je\u015bli akurat nie odbior\u0119, to prosz\u0119 zostawi\u0107 wiadomo\u015b\u0107. Na pewno oddzwoni\u0119:)<\/p>\n\n\n\n<p><\/p>\n\n\n\n<p><\/p>\n","protected":false},"excerpt":{"rendered":"<p>Sesje odbywaj\u0105 si\u0119 stacjonarnie pod adresem: ul. Gniewka 9. Pozna\u0144 lub online. W celu uzyskania innych informacji lub rezerwacji terminu prosz\u0119 dzwoni\u0107 lub pisa\u0107. tel: 603 805 603. Mo\u017cna te\u017c si\u0119 kontaktowa\u0107 przez sms lub whatsapp. Je\u015bli akurat nie odbior\u0119, to prosz\u0119 zostawi\u0107 wiadomo\u015b\u0107. Na pewno oddzwoni\u0119:)<\/p>\n","protected":false},"author":1,"featured_media":0,"parent":0,"menu_order":0,"comment_status":"closed","ping_status":"closed","template":"","meta":{"footnotes":""},"jetpack_sharing_enabled":true,"_links":{"self":[{"href":"https:\/\/terapia-systemowo.com\/index.php\/wp-json\/wp\/v2\/pages\/61"}],"collection":[{"href":"https:\/\/terapia-systemowo.com\/index.php\/wp-json\/wp\/v2\/pages"}],"about":[{"href":"https:\/\/terapia-systemowo.com\/index.php\/wp-json\/wp\/v2\/types\/page"}],"author":[{"embeddable":true,"href":"https:\/\/terapia-systemowo.com\/index.php\/wp-json\/wp\/v2\/users\/1"}],"replies":[{"embeddable":true,"href":"https:\/\/terapia-systemowo.com\/index.php\/wp-json\/wp\/v2\/comments?post=61"}],"version-history":[{"count":28,"href":"https:\/\/terapia-systemowo.com\/index.php\/wp-json\/wp\/v2\/pages\/61\/revisions"}],"predecessor-version":[{"id":378,"href":"https:\/\/terapia-systemowo.com\/index.php\/wp-json\/wp\/v2\/pages\/61\/revisions\/378"}],"wp:attachment":[{"href":"https:\/\/terapia-systemowo.com\/index.php\/wp-json\/wp\/v2\/media?parent=61"}],"curies":[{"name":"wp","href":"https:\/\/api.w.org\/{rel}","templated":true}]}}