{"id":104,"date":"2023-09-30T18:11:51","date_gmt":"2023-09-30T16:11:51","guid":{"rendered":"https:\/\/terapia-systemowo.com\/?page_id=104"},"modified":"2023-12-29T13:20:23","modified_gmt":"2023-12-29T12:20:23","slug":"sklep-2","status":"publish","type":"page","link":"https:\/\/terapia-systemowo.com\/index.php\/sklep-2\/","title":{"rendered":"Regulamin"},"content":{"rendered":"\n<p><strong>REGULAMIN<\/strong><\/p>\n\n\n\n<p><strong>1. WST\u0118P.<\/strong><\/p>\n\n\n\n<p><strong><\/strong>Poni\u017cszy regulamin okre\u015bla zasady korzystania z us\u0142ug terapii i hipnoterapii \u015bwiadczonych przez Bo\u017cen\u0119 Pacewicz, dalej zwan\u0105 terapeut\u0105 lub hipnoterapeut\u0105, z siedzib\u0105 firmy w Poznaniu, ul. Gniewka 9. NIP &#8211; 966-121-85-68<\/p>\n\n\n\n<ol start=\"2\">\n<li><strong>DEFINICJE.<\/strong> Terapeuta &#8211; Bo\u017cena Pacewicz, wykwalifikowany terapeuta, hipnoterapauta, specjalista w obszarze psychosomatyki i somatopsychologii.Klient &#8211; osoba korzystaj\u0105ca z us\u0142ug terapeuty.<\/li>\n<\/ol>\n\n\n\n<ol start=\"3\">\n<li><strong>ZASADY \u015aWIADCZENIA US\u0141UG.<\/strong>Us\u0142ugi terapii i hipnoterapii \u015bwiadczone s\u0105 na zasadach okre\u015blonych w niniejszym regulaminie oraz na podstawie indywidualnych ustale\u0144 mi\u0119dzy terapeut\u0105 a klientem. Szczeg\u00f3\u0142owy zakres i warunki \u015bwiadczenia us\u0142ug terapii i hipnoterapii s\u0105 ustalane indywidualnie na podstawie potrzeb i oczekiwa\u0144 klienta.<\/li>\n\n\n\n<li><strong>P\u0141ATNO\u015aCI I POLITYKA ODWO\u0141ANIA.<\/strong>Op\u0142aty za sesje online nale\u017cy dokona\u0107 przelewem na podane przez terapeut\u0119 konto bankowe. Natomiast op\u0142aty za sesj\u0119 stacjonarn\u0105 nale\u017cy dokona\u0107 na miejscu podczas spotkania. Ceny us\u0142ug s\u0105 udost\u0119pnione na stronie i komunikowane klientowi przez rozpocz\u0119ciem terapii. W przypadku braku p\u0142atno\u015bci na koncie bankowym terapeuty przed sesj\u0105 online, terapeuta mo\u017ce wymaga\u0107 przes\u0142ania potwierdzenia wp\u0142aty, kt\u00f3ra jest jeszcze w drodze.Klient, kt\u00f3ry nie mo\u017ce uczestniczy\u0107 w um\u00f3wionym spotkaniu, zobowi\u0105zany jest jak najszybciej poinformowa\u0107 o tym terapeut\u0119.Terapeuta w wyj\u0105tkowych sytuacjach zastrzega sobie prawo do odwo\u0142ania wizyty lub zmiany jej terminu<\/li>\n<\/ol>\n\n\n\n<p><strong>5. PRAWA I OBOWI\u0104ZKI KLIENTA.<\/strong><\/p>\n\n\n\n<p><strong><\/strong>Klient ma prawo do korzystania z us\u0142ug na zasadach okre\u015blonych w niniejszym regulaminie oraz na podstawie indywidualnych ustale\u0144 z terapeut\u0105.<\/p>\n\n\n\n<p>Klient jest zobowi\u0105zany do przestrzegania zalece\u0144 terapeuty dotycz\u0105cych przebiegu i warunk\u00f3w terapii.<\/p>\n\n\n\n<ol start=\"6\">\n<li><strong>PRAWA I OBOWI\u0104ZKI TERAPEUTY.<\/strong>Terapeuta ma prawo do odmowy \u015bwiadczenia us\u0142ug, je\u015bli klient nie przestrzega zalece\u0144 terapeuty lub niniejszego regulaminu.Terapeuta jest zobowi\u0105zany do \u015bwiadczenia us\u0142ug zgodnie z etyk\u0105 zawodow\u0105 i prawem0.\n<ol start=\"7\">\n<li><strong>ZMIANY REGULAMINU.<\/strong>Terapeuta ma prawo do zmiany niniejszego regulaminiu.<\/li>\n<\/ol>\n<\/li>\n<\/ol>\n\n\n\n<ol start=\"8\">\n<li><strong>ROZWI\u0104ZYWANIE SPOR\u00d3W.<\/strong>Wszelkie spory wynikaj\u0105ce z korzystania z us\u0142ugi terapeuty b\u0119d\u0105 rozstrzygane przez w\u0142a\u015bciwe S\u0105dy Powszechne.<\/li>\n<\/ol>\n\n\n\n<ol start=\"9\">\n<li><strong>POSTANOWIENIA KO\u0143COWE.<\/strong>Niniejszy regulamin wchodzi w \u017cycie z dniem publikacji na stronie internetowej.<\/li>\n<\/ol>\n\n\n\n<p><strong>POLITYKA PRYWATNO\u015aCI<\/strong><\/p>\n\n\n\n<p><strong>strony internetowej www.hipnoza-pozna\u0144.com<\/strong><\/p>\n\n\n\n<ol>\n<li>POSTANOWIENIA OG\u00d3LNE\n<ol>\n<li>Administratorem danych osobowych zbieranych za po\u015brednictwem niniejszej strony internetowej jest <strong>BO\u017bENA PACEWICZ <\/strong>wykonuj\u0105ca dzia\u0142alno\u015b\u0107 gospodarcz\u0105 pod firm\u0105 &#8220;LAURA&#8221; BO\u017bENA PACEWICZ, wpisan\u0105 do CEIDG. Miejsce wykonywania dzia\u0142alno\u015bci: Pozna\u0144. Gniewka 9. Adres email: hipnoza-poznan@op.pl, zwanej dalej \u201eADMINISTRATOREM\u201d.<\/li>\n\n\n\n<li>Dane osobowe zbierane przez Administratora za po\u015brednictwem strony internetowej s\u0105 przetwarzane zgodnie z rozporz\u0105dzeniem PARLAMENTU EUROPEJSKIEGO I RADY (UE) 2016\/679 z dnia 27 kwietnia 2016 r. W sprawie ochrony os\u00f3b fizycznych w zwi\u0105zku z przetwarzaniem danych osobowych i w sprawie swobodnego przep\u0142ywu takich danych oraz uchylenia dyrektywy 95\/46\/WE (Og\u00f3lne rozporz\u0105dzenie o ochronie danych), zwanej dalej RODO, oraz Ustaw\u0105 o Ochronie Danych Osobowych z dnia 10 maja 2018 r.<\/li>\n<\/ol>\n<\/li>\n\n\n\n<li>RODZAJ PRZETWARZANYCH DANYCH OSOBOWYCH, CEL I ZAKRES ZBIERANIA DANYCH.\n<ol>\n<li><strong>CEL PRZETWARZANIA I PODSTAWA PRAWNA.<\/strong> Administrator przetwarza dane osobowe za po\u015brednictwem strony www.terapia-systemowo.com w przypadku:Skorzystania przez u\u017cytkownika z formularza kontaktowego. Dane osobowe sa przetwarzane na podstawie ART. 6 UST. 1 LIT. F RODO jako prawnie usprawiedliwiony interes administratora.Zapisania sie przez u\u017cytkownika do newslettera w celu przesy\u0142ania informacji handlowych drog\u0105 elektroniczn\u0105. Dane osobowe s\u0105 przetwarzane po wyra\u017ceniu zgody na podstawie ART. 6 UST. 1 LIT. A RODO.<\/li>\n\n\n\n<li><strong>RODZAJ PRZETWARZANYCH DANYCH OSOBOWYCH. <\/strong>Administrator przetwarza nast\u0119puj\u0105ce kategorie danych osobowych u\u017cytkownika:<ol><li>Imie i nazwisko,<\/li><li>Data urodzenia,<\/li><li>Adres zamieszkania,<\/li><li>Adres email,<\/li><li>Numer telefonu,<\/li><li>NIP.<\/li><\/ol><strong>OKRES ARCHIWIZACJI DANYCH OSOBOWYCH.<\/strong> Dane osobowe u\u017cytkownik\u00f3w przechowywane s\u0105 przez administratora:\n<ol>\n<li>W przypadku, gdy podstaw\u0105 przetwarzania danych jest wykonanie umowy, tak d\u0142ugo, jak jest to niezb\u0119dne do wykonania umowy, a po tym czasie przez okres odpowiadaj\u0105cy okresowi przedawnienia roszcze\u0144. Je\u017celi przepis szczeg\u00f3lny nie stanowi inaczej, termin przedawnienia wynosi lat 6. A dla roszcze\u0144 o \u015bwiadczenia okresowe oraz roszcze\u0144 zwi\u0105zanych z prowadzeniem dzia\u0142alno\u015bci gospodarniej &#8211; 3 lata.<\/li>\n\n\n\n<li>W przypadku, gdy podstaw\u0105 przetwarzania danych jest zgoda, tak d\u0142ugo, a\u017c zgoda nie zostanie odwo\u0142ana. A po odwo\u0142aniu zgody, przez okres czasu odpowiadaj\u0105cy okresowi przedawnienia roszcze\u0144, jakie mo\u017ce podnosi\u0107 administrator i jakie mog\u0105 by\u0107 podnoszone wobec niego. Je\u015bli przepis szczeg\u00f3lny nie stanowi inaczej, termin przedawnienia wynosi lat 6, a dla roszcze\u0144 o \u015bwiadczenia okresowe oraz roszcze\u0144 zwi\u0105zanych z prowadzeniem dzia\u0142alno\u015bci gospodarczej &#8211; 3 lata.Podczas korzystania ze strony internetowej mog\u0105 by\u0107 pobierane dodatkowe informacje, w szczeg\u00f3lno\u015bci: adres IP przypisany do komputera u\u017cytkowanika lub zewnetrzny adres IP dostawcy internetu, nazwa domeny, rodzaj przegl\u0105darki, czas dost\u0119pu, typ systemu operacyjnego.Od u\u017cytkownik\u00f3w mog\u0105 byc te\u017c gromadzone dane nawigacyjne, w tym informacje o linkach i odno\u015bnikach, w kt\u00f3re zdecyduj\u0105 si\u0119 klikn\u0105\u0107, lub innych czynno\u015bciach podejmowanych na stronie internetowej. Podstaw\u0105 prawn\u0105 tego rodzaju czynno\u015bci jest prawnie uzasadniony interes administratora (ART. 6 UST. 1 LIT. F RODO), polegaj\u0105cy na u\u0142atwieniu korzystania z us\u0142ug \u015bwiadczonych drog\u0105 elektroniczn\u0105 oraz na poprawie funkcjonalno\u015bci tych us\u0142ug.Podanie danych osobowych u\u017cytkownika jest dobrowolne.Dane osobowe b\u0119d\u0105 przetwarzane tak\u017ce w spos\u00f3b zautomatyzowany w formie profilowania, o ile uzytkownik wyrazi na to zgod\u0119 na podstawie ART. 6 UST. 1 LIT. A) RODO. Konsekwencj\u0105 profilowania b\u0119dzie przypisanie danej osobie profilu w celu podejmowania dotycz\u0105cych jej decyzji b\u0105d\u017a analizy lub przewidywania jej preferencji, zachowa\u0144 i postaw.Administrator dok\u0142ada szczeg\u00f3lnej staranno\u015bci w celu ochrony interesu os\u00f3b, kt\u00f3rych dane dotycz\u0105, a w szczeg\u00f3lno\u015bci zapewnia, \u017ce zbierane przez niego dane s\u0105: przetwarzane zgodnie z prawem, zbierane dla oznaczonych i zgodnych z prawem cel\u00f3w i niepoddawane dalszemu przetwarzaniu niezgodnemu z tymi celami. Zbierane dane s\u0105 merytorycznie poprawne i adekwatne w stosunku do cel\u00f3w, w jakich s\u0105 przetwarzane w postaci umo\u017cliwiaj\u0105cej identyfikacj\u0119 os\u00f3b, kt\u00f3rych dotycz\u0105, nie d\u0142u\u017cej ni\u017c jest to niezb\u0119dne do osi\u0105gni\u0119cia celu przetwarzania.<\/li>\n<\/ol>\n<\/li>\n<\/ol>\n<\/li>\n\n\n\n<li>UDOST\u0118PNIENIE DANYCH OSOBOWYCH.\n<ol>\n<li>Dane osobowe u\u017cytkownik\u00f3w przekazywane s\u0105 dostawcom us\u0142ug, z kt\u00f3rych korzysta administrator przy prowadzeniu strony internetowej. Dostawcy us\u0142ug, kt\u00f3rym przekazywane s\u0105 dane osobowe, w zale\u017cno\u015bci od uzgodnie\u0144 umownych i okoliczno\u015bci, albo podlegaj\u0105 poleceniom administratora co do cel\u00f3w i spodob\u00f3w przetwarzania tych danych (podmioty przetwarzaj\u0105ce), albo samodzielnie okre\u015blaj\u0105 cele i sposoby ich przetwarzania (administratorzy).<\/li>\n\n\n\n<li>Dane osobowe u\u017cytkownik\u00f3w s\u0105 przechowywane wy\u0142\u0105cznie na terenie Europejskiego Obszaru Gospodarczego (EOG).<\/li>\n<\/ol>\n<\/li>\n\n\n\n<li>PRAWO KONTROLI, DOST\u0118PU DO TRE\u015aCI W\u0141ASNYCH DANYCH ORAZ ICH POPRAWIANIA.\n<ol>\n<li>Osoba, kt\u00f3rej dane dotycz\u0105, ma prawo dost\u0119pu do tre\u015bci swoich danych osobowych oraz prawo ich sprostowania, usuni\u0119cia, ograniczenia przetwarzania, prawo do przenoszenia danych, prawo wniesienie sprzeciwu, prawo do cofni\u0119cia zgody w dowolnym momencie bez wp\u0142ywu na zgodno\u015b\u0107 z prawem przetwarzania, kt\u00f3rego dokonano na podstawie zgody przed jej cofni\u0119ciem.<\/li>\n\n\n\n<li>Podstawy prawne \u017c\u0105dania u\u017cytkownika:\n<ol>\n<li>Dost\u0119p do danych<strong> <\/strong>\u2013 ART. 15 R<\/li>\n\n\n\n<li>Sprostowanie danych \u2013 ART. 16 RODO<\/li>\n\n\n\n<li>Usuni\u0119cie danych (tzw. prawo do bycia zapomnianych)<strong><\/strong> \u2013 ART. 17 RODO.<\/li>\n\n\n\n<li>Ograniczenie przetwarzania \u2013 ART. 18 RODO.<\/li>\n\n\n\n<li>Przeniesienie danych \u2013 ART. 20 RODO.<\/li>\n\n\n\n<li>Sprzeciw\u2013 ART. 21 RODO<\/li>\n\n\n\n<li>Cofni\u0119cie zgody \u2013 ART. 7 UST. 3 RODO.<\/li>\n<\/ol>\n<\/li>\n\n\n\n<li>W celu realizacji uprawnie\u0144, o kt\u00f3rych mowa w pkt2 mo\u017cna wys\u0142a\u0107 stosown\u0105 wiadomo\u015b\u0107 email na adres: hipnoza-poznan@op.pl.<\/li>\n\n\n\n<li>W sytuacji wyst\u0105pienia przez U\u017cytkownika z uprawnieniem wynikaj\u0105cym z powy\u017cszych praw, administrator spe\u0142nia \u017c\u0105dania albo odmawia jego spe\u0142nienia niezw\u0142ocznie, nie p\u00f3\u017aniej jednak ni\u017c w ci\u0105gu miesi\u0105ca po jego otrzymaniu. Je\u017celi jednak &#8211; z uwagi na skomplikowany charakter \u017c\u0105dania lub liczb\u0119 \u017c\u0105da\u0144 \u2013 administrator nie b\u0119dzie m\u00f3g\u0142 spe\u0142ni\u0107 \u017c\u0105dania w ci\u0105gu miesi\u0105ca, spe\u0142ni je w ci\u0105gu kolejnych dw\u00f3ch miesi\u0119cy informuj\u0105c o tym u\u017cytkownika w terminie miesi\u0105ca od otrzymania \u017c\u0105dania. Poinformuje wtedy o zamierzonym przed\u0142u\u017ceniu terminu oraz o jego przyczynach.<\/li>\n\n\n\n<li>W przypadku stwierdzenia, \u017ce przetwarzanie danych osobowych narusza przepisy RODO, osoba, kt\u00f3rej dane dotycz\u0105, ma prawo wnie\u015b\u0107 skarg\u0119 do PREZESA URZ\u0118DU OCHRONY DANYCH OSOBOWYCH.<\/li>\n<\/ol>\n<\/li>\n\n\n\n<li>PLIKI \u201eCOOKIES\u201d\n<ol>\n<li>Strona administratora u\u017cywa plik\u00f3w \u201eCOOKIES\u201d.<\/li>\n\n\n\n<li>Instalacja plik\u00f3w \u201eCOOKIES\u201d jest konieczna do prawid\u0142owego \u015bwiadczenia us\u0142ug na stronie internetowej. W plikach \u201eCOOKIES\u201d znajduj\u0105 si\u0119 informacje niezb\u0119dne do prawid\u0142owego funkcjonowania strony, a tak\u017ce daja one mo\u017cliwo\u015b\u0107 opracowywania og\u00f3lnych statystyk odwiedzin strony internetowej.<\/li>\n\n\n\n<li>W ramach strony stosowane s\u0105 rodzaje plik\u00f3w \u201eCOOKIES\u201d.<\/li>\n\n\n\n<li>Administrator wykorzystuje w\u0142asne pliki cookies w celu lepszego poznania sposobu interakcji uzytkownika w zakresie zawarto\u015bci strony. Pliki gromadz\u0105 informacje o sposobie korzystania ze strony internetowej przez u\u017cytkownika, typie strony, z jakiej u\u017cytkownik zosta\u0142 przekierowany, oraz liczbie odwiedzin i czasie wizyty u\u017cytkownika na stronie internetowej. Informacje te nie rejestruj\u0105 konkretnych danych u\u017cytkownika, lecz s\u0142u\u017c\u0105 do opracowania statystyk korzystania ze strony.<\/li>\n\n\n\n<li>U\u017cytkownik ma prawo zdecydowania w zakresie dost\u0119pu plik\u00f3w \u201eCOOKIES\u201d do swojego komputera poprzez ich uprzedni wyb\u00f3r w oknie swojej przegl\u0105darki. Szczeg\u00f3\u0142owe informacje o mo\u017cliwo\u015bci i sposobach obs\u0142ugi plik\u00f3w \u201eCOOKIES\u201d dost\u0119pne s\u0105 w ustawieniach oprogramowania (przegl\u0105darki internetowej).<\/li>\n<\/ol>\n<\/li>\n\n\n\n<li>POSTANOWIENIA KO\u0143COWE\n<ol>\n<li>Administrator stosuje \u015brodki techniczne i organizacyjne zapewniaj\u0105ce ochron\u0119 przetwarzanych danych osobowych odpowiedni\u0105 do zagro\u017ce\u0144 oraz kategorii danych obj\u0119tych ochron\u0105, a w szczeg\u00f3lno\u015bci zabezpiecza dane przed ich udost\u0119pnieniem osobom nieupowa\u017cnionym, zabraniem przez osob\u0119 nieuprawnion\u0105, przetwarzaniem z naruszeniem obowi\u0105zuj\u0105cych przepis\u00f3w oraz zmian\u0105, utrat\u0105, uszkodzeniem lub zniszczeniem.<\/li>\n\n\n\n<li>Administrator udost\u0119pnia odpowiednie \u015brodki techniczne zapobiegaj\u0105ce pozyskiwaniu i modyfikowaniu przez osoby nieuprawnione, danych osobowych przesylanych drog\u0105 elektroniczn\u0105.<\/li>\n\n\n\n<li>W sprawach nieuregulowanych niniejsz\u0105 polityk\u0105 prywatno\u015bci stosuje si\u0119 odpowiednio przepisy RODO oraz inne w\u0142a\u015bciwe przepisy prawa.<\/li>\n<\/ol>\n<\/li>\n<\/ol>\n\n\n\n<p><strong>POLITYKA PRYWATNO\u015aCI DOTYCZ\u0104CA DANYCH OSOBOWYCH PRZETWARZANYCH ZA POMOC\u0104 FACEBOOK LEAD AD<\/strong><\/p>\n\n\n\n<p><strong>I. PREAMBU\u0141A<\/strong><\/p>\n\n\n\n<p>LAURA Bo\u017cena Pacewicz, w dalszej cz\u0119\u015bci niniejszego dokumentu zwana Administratorem, zdaj\u0105c sobie spraw\u0119 z tego, jak wa\u017cna jest Twoja prywatno\u015b\u0107, chroni nie tylko internaut\u00f3w odwiedzaj\u0105cych prowadzone przez nas strony internetowe, ale r\u00f3wnie\u017c osoby, kt\u00f3re zechcia\u0142y udost\u0119pni\u0107 swoje dane z wykorzystaniem innych dr\u00f3g, w tym za pomoc\u0105 funkcji Facebook Lead Ad. Szanujemy Twoj\u0105 prywatno\u015b\u0107, opracowali\u015bmy wi\u0119c Polityk\u0119 Prywatno\u015bci, kt\u00f3ra pozwoli Ci zrozumie\u0107 jakie informacje gromadzimy w zwi\u0105zku z naszymi us\u0142ugami oraz w jaki spos\u00f3b i w jakim celu je przetwarzamy. Przywi\u0105zujemy bardzo du\u017c\u0105 wag\u0119 do ochrony przys\u0142uguj\u0105cych internautom praw. Udost\u0119pniaj\u0105c nam swoje dane, mo\u017cesz by\u0107 pewna\/pewny, \u017ce:<\/p>\n\n\n\n<ol>\n<li>przestrzegamy obowi\u0105zuj\u0105cych przepis\u00f3w prawa w zakresie ochrony danych osobowych;<\/li>\n\n\n\n<li>chronimy Twoje dane od strony technicznej, oraz dost\u0119p do nich maj\u0105 tylko upowa\u017cnione osoby;<\/li>\n\n\n\n<li>nie przekazujemy Twoich danych podmiotom nieuprawnionym.<\/li>\n<\/ol>\n\n\n\n<p><strong>II. DANE OSOBOWE<\/strong><\/p>\n\n\n\n<ol>\n<li>Dane osobowe U\u017cytkownika przetwarzane przez Administratora w ramach us\u0142ugi Facebook Lead Ad b\u0119d\u0105 przetwarzane zgodnie z przepisami ustawy o ochronie danych osobowych.<\/li>\n\n\n\n<li>Administratorem danych osobowych jest LAURA Bo\u017cena Pacewicz.<\/li>\n\n\n\n<li>Administrator stosuje wszelkie wymagane obowi\u0105zuj\u0105cymi przepisami zabezpieczenia zapewniaj\u0105ce ochron\u0119 przetwarzanych danych osobowych, w szczeg\u00f3lno\u015bci ochron\u0119 przed udost\u0119pnieniem osobom nieupowa\u017cnionym.<\/li>\n\n\n\n<li>Poprzez uzupe\u0142nienie danych zawartych w formularzu Facebook Lead Ad U\u017cytkownik przekazuje Administratorowi wskazane w formularzu Facebook Lead Ad dane osobowe, obejmuj\u0105ce mi\u0119dzy innymi:<\/li>\n<\/ol>\n\n\n\n<ul>\n<li>adres e-mail podany przez U\u017cytkownika w ramach jego profilu w serwisie <a target=\"_blank\" href=\"http:\/\/facebook.com\/\" rel=\"noreferrer noopener\">facebook.com<\/a>;<\/li>\n\n\n\n<li>imi\u0119 U\u017cytkownika (podane w ramach jego profilu w serwisie <a target=\"_blank\" href=\"http:\/\/facebook.com\/\" rel=\"noreferrer noopener\">facebook.com<\/a> lub w formularzu);<\/li>\n\n\n\n<li>nazwisko U\u017cytkownika (podane w ramach jego profilu w serwisie <a target=\"_blank\" href=\"http:\/\/facebook.com\/\" rel=\"noreferrer noopener\">facebook.com<\/a> lub w formularzu);<\/li>\n\n\n\n<li>numer telefonu U\u017cytkownika (podany w ramach jego profilu w serwisie <a target=\"_blank\" href=\"http:\/\/facebook.com\/\" rel=\"noreferrer noopener\">facebook.com<\/a> lub w formularzu);<\/li>\n\n\n\n<li>nazw\u0119 firmy U\u017cytkownika (podana w ramach jego profilu w serwisie <a target=\"_blank\" href=\"http:\/\/facebook.com\/\" rel=\"noreferrer noopener\">facebook.com<\/a> lub w formularzu);<\/li>\n<\/ul>\n\n\n\n<ol start=\"5\">\n<li>Administrator wykorzystuje dane osobowe U\u017cytkownika przetwarzane za pomoc\u0105 us\u0142ugi Facebook Lead Ad w celach:<\/li>\n<\/ol>\n\n\n\n<ul>\n<li>marketingu towar\u00f3w i us\u0142ug w\u0142asnych (na podstawie obowi\u0105zuj\u0105cych przepis\u00f3w prawa);<\/li>\n\n\n\n<li>umo\u017cliwienia U\u017cytkownikowi otrzymania kontaktu ofertowego.<\/li>\n<\/ul>\n\n\n\n<ol start=\"6\">\n<li>Podanie Twoich danych na cele marketingowe Administratorowi jest dobrowolne. Zawsze mo\u017cesz wycofa\u0107 swoj\u0105 zgod\u0119 w ca\u0142o\u015bci lub cz\u0119\u015bci. Przys\u0142uguje ci prawo dost\u0119pu do Twoich danych osobowych, ich poprawiania oraz \u017c\u0105dania zaprzestania ich przetwarzania z wyj\u0105tkiem tych, kt\u00f3re s\u0105 niezb\u0119dne do realizacji zlece\u0144 lub umowy. Twoje dane nie b\u0119d\u0105 przekazywane innym podmiotom.<\/li>\n\n\n\n<li>U\u017cytkownikowi przys\u0142uguje mo\u017cliwo\u015b\u0107 realizacji uprawnie\u0144 wynikaj\u0105cych z RODO, w szczeg\u00f3lno\u015bci prawo dost\u0119pu do w\u0142asnych danych osobowych, prawo \u017c\u0105dania aktualizacji, poprawiania i usuni\u0119cia danych osobowych oraz prawo wniesienia sprzeciwu w przypadkach okre\u015blonych przepisami tej ustawy.<\/li>\n<\/ol>\n\n\n\n<p><strong>III. INFORMACJA HANDLOWA<\/strong><\/p>\n\n\n\n<ol>\n<li>Uzyskuj\u0105c dane U\u017cytkownika dzi\u0119ki funkcji Facebook Lead Ad mamy techniczn\u0105 mo\u017cliwo\u015b\u0107 komunikowania si\u0119 z U\u017cytkownikiem na odleg\u0142o\u015b\u0107 (np. poprzez wiadomo\u015bci email).<\/li>\n\n\n\n<li>U\u017cytkownik ma prawo w ka\u017cdym momencie zastrzec, \u017ce nie chce otrzymywa\u0107 od LAURA Bo\u017cena Pacewicz tego typu powiadomie\u0144 o charakterze marketingowym, w tym tak\u017ce wycofa\u0107 ju\u017c udzielon\u0105 zgod\u0119.<\/li>\n\n\n\n<li>Informacje handlowe zwi\u0105zane z prowadzon\u0105 przez Administratora dzia\u0142alno\u015bci\u0105 mog\u0105 by\u0107 przesy\u0142ane w zakresie obj\u0119tym wyra\u017con\u0105 przez U\u017cytkownika zgod\u0105, zgodnie z tre\u015bci\u0105 art. 10 ustawy z dnia 18 lipca 2002 roku o \u015bwiadczeniu us\u0142ug drog\u0105 elektroniczn\u0105.<\/li>\n<\/ol>\n","protected":false},"excerpt":{"rendered":"<p>REGULAMIN 1. WST\u0118P. Poni\u017cszy regulamin okre\u015bla zasady korzystania z us\u0142ug terapii i hipnoterapii \u015bwiadczonych przez Bo\u017cen\u0119 Pacewicz, dalej zwan\u0105 terapeut\u0105 lub hipnoterapeut\u0105, z siedzib\u0105 firmy w Poznaniu, ul. Gniewka 9. NIP &#8211; 966-121-85-68 5. PRAWA I OBOWI\u0104ZKI KLIENTA. Klient ma prawo do korzystania z us\u0142ug na zasadach okre\u015blonych w niniejszym regulaminie oraz na podstawie indywidualnych&hellip; <a class=\"more-link\" href=\"https:\/\/terapia-systemowo.com\/index.php\/sklep-2\/\">Czytaj dalej <span class=\"screen-reader-text\">Regulamin<\/span><\/a><\/p>\n","protected":false},"author":1,"featured_media":0,"parent":0,"menu_order":0,"comment_status":"closed","ping_status":"closed","template":"","meta":{"footnotes":""},"jetpack_sharing_enabled":true,"_links":{"self":[{"href":"https:\/\/terapia-systemowo.com\/index.php\/wp-json\/wp\/v2\/pages\/104"}],"collection":[{"href":"https:\/\/terapia-systemowo.com\/index.php\/wp-json\/wp\/v2\/pages"}],"about":[{"href":"https:\/\/terapia-systemowo.com\/index.php\/wp-json\/wp\/v2\/types\/page"}],"author":[{"embeddable":true,"href":"https:\/\/terapia-systemowo.com\/index.php\/wp-json\/wp\/v2\/users\/1"}],"replies":[{"embeddable":true,"href":"https:\/\/terapia-systemowo.com\/index.php\/wp-json\/wp\/v2\/comments?post=104"}],"version-history":[{"count":4,"href":"https:\/\/terapia-systemowo.com\/index.php\/wp-json\/wp\/v2\/pages\/104\/revisions"}],"predecessor-version":[{"id":251,"href":"https:\/\/terapia-systemowo.com\/index.php\/wp-json\/wp\/v2\/pages\/104\/revisions\/251"}],"wp:attachment":[{"href":"https:\/\/terapia-systemowo.com\/index.php\/wp-json\/wp\/v2\/media?parent=104"}],"curies":[{"name":"wp","href":"https:\/\/api.w.org\/{rel}","templated":true}]}}